{"id":653,"date":"2024-11-26T13:21:58","date_gmt":"2024-11-26T18:21:58","guid":{"rendered":"https:\/\/www.drconseils.com\/declaration-de-confidentialite-ca\/"},"modified":"2026-04-28T09:37:24","modified_gmt":"2026-04-28T13:37:24","slug":"declaration-de-confidentialite-ca","status":"publish","type":"page","link":"https:\/\/gestolex.com\/en\/declaration-de-confidentialite-ca\/","title":{"rendered":"D\u00e9claration de confidentialit\u00e9 (CA)"},"content":{"rendered":"[vc_row type=\u00a0\u00bbin_container\u00a0\u00bb full_screen_row_position=\u00a0\u00bbmiddle\u00a0\u00bb column_margin=\u00a0\u00bbdefault\u00a0\u00bb column_direction=\u00a0\u00bbdefault\u00a0\u00bb column_direction_tablet=\u00a0\u00bbdefault\u00a0\u00bb column_direction_phone=\u00a0\u00bbdefault\u00a0\u00bb scene_position=\u00a0\u00bbcenter\u00a0\u00bb text_color=\u00a0\u00bbdark\u00a0\u00bb text_align=\u00a0\u00bbleft\u00a0\u00bb row_border_radius=\u00a0\u00bbnone\u00a0\u00bb row_border_radius_applies=\u00a0\u00bbbg\u00a0\u00bb overflow=\u00a0\u00bbvisible\u00a0\u00bb overlay_strength=\u00a0\u00bb0.3&Prime; gradient_direction=\u00a0\u00bbleft_to_right\u00a0\u00bb shape_divider_position=\u00a0\u00bbbottom\u00a0\u00bb bg_image_animation=\u00a0\u00bbnone\u00a0\u00bb][vc_column column_padding=\u00a0\u00bbno-extra-padding\u00a0\u00bb column_padding_tablet=\u00a0\u00bbinherit\u00a0\u00bb column_padding_phone=\u00a0\u00bbinherit\u00a0\u00bb column_padding_position=\u00a0\u00bball\u00a0\u00bb column_element_direction_desktop=\u00a0\u00bbdefault\u00a0\u00bb column_element_spacing=\u00a0\u00bbdefault\u00a0\u00bb desktop_text_alignment=\u00a0\u00bbdefault\u00a0\u00bb tablet_text_alignment=\u00a0\u00bbdefault\u00a0\u00bb phone_text_alignment=\u00a0\u00bbdefault\u00a0\u00bb background_color_opacity=\u00a0\u00bb1&Prime; background_hover_color_opacity=\u00a0\u00bb1&Prime; column_backdrop_filter=\u00a0\u00bbnone\u00a0\u00bb column_shadow=\u00a0\u00bbnone\u00a0\u00bb column_border_radius=\u00a0\u00bbnone\u00a0\u00bb column_link_target=\u00a0\u00bb_self\u00a0\u00bb column_position=\u00a0\u00bbdefault\u00a0\u00bb gradient_direction=\u00a0\u00bbleft_to_right\u00a0\u00bb overlay_strength=\u00a0\u00bb0.3&Prime; width=\u00a0\u00bb1\/1&Prime; tablet_width_inherit=\u00a0\u00bbdefault\u00a0\u00bb animation_type=\u00a0\u00bbdefault\u00a0\u00bb bg_image_animation=\u00a0\u00bbnone\u00a0\u00bb border_type=\u00a0\u00bbsimple\u00a0\u00bb column_border_width=\u00a0\u00bbnone\u00a0\u00bb column_border_style=\u00a0\u00bbsolid\u00a0\u00bb][vc_column_text css=\u00a0\u00bb\u00a0\u00bb text_direction=\u00a0\u00bbdefault\u00a0\u00bb]\n<h1>Politique de confidentialit\u00e9<\/h1>\n<p>Votre vie priv\u00e9e est importante pour nous. Notre politique est de respecter votre vie priv\u00e9e et de nous conformer \u00e0 toute loi et r\u00e9glementation applicable concernant les informations personnelles que nous pouvons collecter \u00e0 votre sujet, y compris sur notre site web, <a href=\"https:\/\/gestolex.com\/\">https:\/\/gestolex.com\/<\/a>, et les autres sites que nous poss\u00e9dons et exploitons.<\/p>\n<p>Les informations personnelles sont toutes informations vous concernant qui peuvent \u00eatre utilis\u00e9es pour vous identifier. Cela inclut des informations vous concernant en tant que personne (telles que le nom, l&rsquo;adresse et la date de naissance), vos appareils, les d\u00e9tails de paiement, et m\u00eame des informations sur la fa\u00e7on dont vous utilisez un site Web ou un service en ligne.<\/p>\n<p>Dans le cas o\u00f9 notre site contient des liens vers des sites et services de tiers, veuillez \u00eatre conscient que ces sites et services ont leurs propres politiques de confidentialit\u00e9. Apr\u00e8s avoir suivi un lien vers tout contenu tiers, vous devez lire leurs informations de politique de confidentialit\u00e9 post\u00e9es sur la mani\u00e8re dont ils recueillent et utilisent les informations personnelles. Cette politique de confidentialit\u00e9 ne s&rsquo;applique \u00e0 aucune de vos activit\u00e9s apr\u00e8s avoir quitt\u00e9 notre site.<\/p>\n<p>Cette politique est effective depuis 28 avril 2026<\/p>\n<p>Derni\u00e8re mise \u00e0 jour : 28 avril 2026<\/p>\n<p><!-- --><\/p>\n<h2>Informations que nous collectons<\/h2>\n<p>Les informations que nous collectons appartiennent \u00e0 l&rsquo;une des deux cat\u00e9gories : les informations \u201cfournies volontairement\u201d et les informations \u201ccollect\u00e9es automatiquement\u201d.<\/p>\n<p>Les informations \u201cfournies volontairement\u201d se r\u00e9f\u00e8rent \u00e0 toutes les informations que vous nous fournissez consciemment et activement lorsque vous utilisez ou participez \u00e0 l&rsquo;un de nos services et promotions.<\/p>\n<p>Les informations \u201ccollect\u00e9es automatiquement\u201d se r\u00e9f\u00e8rent \u00e0 toutes les informations automatiquement envoy\u00e9es par vos appareils lors de l&rsquo;acc\u00e8s \u00e0 nos produits et services.<\/p>\n<p><!-- --><\/p>\n<h3>Donn\u00e9es de journal<\/h3>\n<p>Lorsque vous visitez notre site Web, nos serveurs peuvent automatiquement enregistrer les donn\u00e9es standard fournies par votre navigateur Web. Cela peut inclure l&rsquo;adresse du protocole Internet (IP) de votre appareil, le type et la version de votre navigateur, les pages que vous visitez, l&rsquo;heure et la date de votre visite, le temps pass\u00e9 sur chaque page et d&rsquo;autres d\u00e9tails sur votre visite.<\/p>\n<p>De plus, si vous rencontrez certaines erreurs lors de l&rsquo;utilisation du site, nous pouvons automatiquement recueillir des donn\u00e9es sur l&rsquo;erreur et les circonstances entourant son occurrence. Ces donn\u00e9es peuvent inclure des d\u00e9tails techniques sur votre appareil, ce que vous essayiez de faire lorsque l&rsquo;erreur s&rsquo;est produite, et d&rsquo;autres informations techniques relatives au probl\u00e8me. Vous pouvez ou non recevoir un avis de telles erreurs, m\u00eame au moment o\u00f9 elles se produisent, qu&rsquo;elles se sont produites, ou quelle est la nature de l&rsquo;erreur.<\/p>\n<p>Veuillez \u00eatre conscient que bien que ces informations ne puissent pas \u00eatre personnellement identifiantes par elles-m\u00eames, il peut \u00eatre possible de les combiner avec d&rsquo;autres donn\u00e9es pour identifier personnellement des personnes individuelles.<\/p>\n<p><!-- --><!-- --><\/p>\n<h3>Informations personnelles<\/h3>\n<p>Nous pouvons vous demander des informations personnelles &#8211; par exemple, lorsque vous nous soumettez du contenu ou lorsque vous nous contactez &#8211; qui peuvent inclure un ou plusieurs des \u00e9l\u00e9ments suivants :<\/p>\n<p><!-- --><\/p>\n<ul>\n<li>Nom<\/li>\n<li>Email<\/li>\n<li>Num\u00e9ro de t\u00e9l\u00e9phone\/mobile<\/li>\n<li>Adresse domicile\/postale<\/li>\n<\/ul>\n<p><!-- --><!-- --><!-- --><\/p>\n<h2>Raisons l\u00e9gitimes de traitement de vos informations personnelles<\/h2>\n<p>Nous ne collectons et n&rsquo;utilisons vos informations personnelles que lorsque nous avons une raison l\u00e9gitime de le faire. Dans ce cas, nous ne collectons que les informations personnelles qui sont raisonnablement n\u00e9cessaires pour fournir nos services.<\/p>\n<p><!-- --><\/p>\n<h2>Collecte et utilisation des informations<\/h2>\n<p>Nous pouvons collecter des informations personnelles lorsque vous faites l&rsquo;une des actions suivantes sur notre site Web:<\/p>\n<ul>\n<li>Utiliser un appareil mobile ou un navigateur Web pour acc\u00e9der \u00e0 notre contenu<\/li>\n<li>Nous contacter par e-mail, m\u00e9dias sociaux, ou toute technologie similaire<\/li>\n<li>Quand vous nous mentionnez sur les m\u00e9dias sociaux<\/li>\n<\/ul>\n<p>Nous pouvons collecter, d\u00e9tenir, utiliser et divulguer des informations dans les buts suivants, et les informations personnelles ne seront pas trait\u00e9es de mani\u00e8re incompatible avec ces buts:<\/p>\n<ul>\n<li>pour vous fournir les fonctionnalit\u00e9s et services principaux de notre plateforme<\/li>\n<li>pour entrer en contact et communiquer avec vous<\/li>\n<li>pour l&rsquo;analytique, la recherche de march\u00e9 et le d\u00e9veloppement commercial, y compris pour exploiter et am\u00e9liorer notre site Web, applications associ\u00e9es, et plates-formes de m\u00e9dias sociaux associ\u00e9es<\/li>\n<li>pour examiner votre demande d&#8217;emploi<\/li>\n<\/ul>\n<p>Nous pouvons combiner volontairement des informations personnelles fournies et collect\u00e9es automatiquement avec des informations g\u00e9n\u00e9rales ou des donn\u00e9es de recherche que nous recevons d&rsquo;autres sources fiables. Par exemple, Nos activit\u00e9s de marketing et de recherche de march\u00e9 peuvent r\u00e9v\u00e9ler des donn\u00e9es et des insights, que nous pouvons combiner avec des informations sur la fa\u00e7on dont les visiteurs utilisent notre site pour am\u00e9liorer notre site et votre exp\u00e9rience sur celui-ci.<\/p>\n<p><!-- --><\/p>\n<h2>S\u00e9curit\u00e9 de vos informations personnelles<\/h2>\n<p>Lorsque nous collectons et traitons des informations personnelles, et pendant que nous conservons ces informations, nous les prot\u00e9gerons par des moyens commercialement acceptables pour pr\u00e9venir la perte et le vol, ainsi que l&rsquo;acc\u00e8s, la divulgation, la copie, l&rsquo;utilisation ou la modification non autoris\u00e9s.<\/p>\n<p>Bien que nous ferons de notre mieux pour prot\u00e9ger les informations personnelles que vous nous fournissez, nous vous conseillons qu&rsquo;aucune m\u00e9thode de transmission ou de stockage \u00e9lectronique n&rsquo;est 100% s\u00e9curis\u00e9e et personne ne peut garantir une s\u00e9curit\u00e9 absolue des donn\u00e9es.<\/p>\n<p>Vous \u00eates responsable de choisir tout mot de passe et sa force de s\u00e9curit\u00e9 globale, en assurant la s\u00e9curit\u00e9 de vos propres informations dans les limites de nos services. Par exemple, en veillant \u00e0 ne pas rendre vos informations personnelles publiquement disponibles via notre plateforme.<\/p>\n<p><!-- --><\/p>\n<h2>Combien de temps nous conservons vos informations personnelles<\/h2>\n<p>Nous conservons vos informations personnelles uniquement aussi longtemps que nous en avons besoin. Cette p\u00e9riode de temps peut d\u00e9pendre de ce pour quoi nous utilisons vos informations, conform\u00e9ment \u00e0 cette politique de confidentialit\u00e9. Par exemple, si vous nous avez fourni des informations personnelles telles qu&rsquo;une adresse e-mail lors de la prise de contact avec nous au sujet d&rsquo;une demande sp\u00e9cifique, nous pouvons conserver ces informations pendant la dur\u00e9e de votre demande restant ouverte ainsi que pour nos propres dossiers afin que nous puissions traiter efficacement des demandes similaires \u00e0 l&rsquo;avenir. Si vos informations personnelles ne sont plus n\u00e9cessaires \u00e0 cette fin, nous les supprimerons ou les rendrons anonymes en supprimant tous les d\u00e9tails qui vous identifient.<\/p>\n<p>Cependant, si n\u00e9cessaire, nous pouvons conserver vos informations personnelles pour notre conformit\u00e9 avec une obligation l\u00e9gale, comptable ou de rapport, ou \u00e0 des fins d&rsquo;archivage dans l&rsquo;int\u00e9r\u00eat public, de recherche scientifique ou historique ou \u00e0 des fins statistiques.<\/p>\n<p><!-- --><\/p>\n<h2>Confidentialit\u00e9 des enfants<\/h2>\n<p>Nous ne visons aucun de nos produits ou services directement aux enfants de moins de 13 ans et nous ne collectons pas sciemment d&rsquo;informations personnelles sur les enfants de moins de 13 ans.<\/p>\n<p><!-- --><!-- --><!-- --><\/p>\n<h2>Vos droits et le contr\u00f4le de vos informations personnelles<\/h2>\n<p><strong>Votre choix :<\/strong> En nous fournissant des informations personnelles, vous comprenez que nous collecterons, d\u00e9tiendrons, utiliserons et divulguerons vos informations personnelles conform\u00e9ment \u00e0 cette politique de confidentialit\u00e9. Vous n&rsquo;\u00eates pas oblig\u00e9 de nous fournir des informations personnelles, cependant, si vous ne le faites pas, cela peut affecter votre utilisation de notre site web ou des produits et\/ou services offerts sur ou via celui-ci.<\/p>\n<p><strong>Informations provenant de tiers :<\/strong> Si nous recevons des informations personnelles vous concernant de la part d&rsquo;un tiers, nous les prot\u00e9gerons comme indiqu\u00e9 dans cette politique de confidentialit\u00e9. Si vous \u00eates un tiers fournissant des informations personnelles sur une autre personne, vous d\u00e9clarez et garantissez que vous avez le consentement de cette personne pour nous fournir les informations personnelles.<\/p>\n<p><strong>Permission de marketing :<\/strong> Si vous avez pr\u00e9c\u00e9demment accept\u00e9 que nous utilisions vos informations personnelles \u00e0 des fins de marketing direct, vous pouvez changer d&rsquo;avis \u00e0 tout moment en nous contactant en utilisant les coordonn\u00e9es ci-dessous.<\/p>\n<p><strong>Acc\u00e8s :<\/strong> Vous pouvez demander les d\u00e9tails des informations personnelles que nous d\u00e9tenons \u00e0 votre sujet.<\/p>\n<p><strong>Correction :<\/strong> Si vous croyez que toute information que nous d\u00e9tenons \u00e0 votre sujet est inexacte, obsol\u00e8te, incompl\u00e8te, non pertinente ou trompeuse, veuillez nous contacter en utilisant les coordonn\u00e9es fournies dans cette politique de confidentialit\u00e9. Nous prendrons des mesures raisonnables pour corriger toute information jug\u00e9e inexacte, incompl\u00e8te, trompeuse ou obsol\u00e8te.<\/p>\n<p><strong>Non-discrimination :<\/strong> Nous ne vous discriminerons pas pour l&rsquo;exercice de vos droits sur vos informations personnelles. \u00c0 moins que vos informations personnelles ne soient n\u00e9cessaires pour vous fournir un service ou une offre particuli\u00e8re (par exemple, fournir un support utilisateur), nous ne vous refuserons pas de biens ou services et\/ou ne vous facturerons pas de prix ou de tarifs diff\u00e9rents pour des biens ou services, y compris en accordant des r\u00e9ductions ou d&rsquo;autres avantages, ou en imposant des p\u00e9nalit\u00e9s, ou en vous fournissant un niveau ou une qualit\u00e9 diff\u00e9rente de biens ou services.<\/p>\n<p><!-- --><\/p>\n<p><strong>Notification des violations de donn\u00e9es :<\/strong> Nous respecterons les lois qui nous sont applicables en cas de violation de donn\u00e9es.<\/p>\n<p><strong>Plaintes :<\/strong> Si vous croyez que nous avons enfreint une loi pertinente sur la protection des donn\u00e9es et souhaitez d\u00e9poser une plainte, veuillez nous contacter en utilisant les coordonn\u00e9es ci-dessous et nous fournir tous les d\u00e9tails de l&rsquo;infraction pr\u00e9sum\u00e9e. Nous enqu\u00eaterons rapidement sur votre plainte et vous r\u00e9pondrons par \u00e9crit, en indiquant le r\u00e9sultat de notre enqu\u00eate et les mesures que nous prendrons pour traiter votre plainte. Vous avez \u00e9galement le droit de contacter un organisme r\u00e9gulateur ou une autorit\u00e9 de protection des donn\u00e9es en relation avec votre plainte.<\/p>\n<p><strong>D\u00e9sinscription des communications:<\/strong> Vous pouvez \u00e0 tout moment refuser de recevoir des communications de notre part, y compris des messages marketing et promotionnels. Pour ce faire, utilisez les m\u00e9canismes de d\u00e9sinscription fournis dans la communication concern\u00e9e. Par exemple, vous pouvez cliquer sur le lien \u00ab unsubscribe \u00bb inclus dans tout e-mail marketing que nous vous envoyons, r\u00e9pondre \u00ab STOP \u00bb \u00e0 tout message SMS que nous vous envoyons, visiter <a href=\"https:\/\/gestolex.com\/\">https:\/\/gestolex.com\/<\/a>, ou nous contacter directement en utilisant les coordonn\u00e9es fournies dans la pr\u00e9sente politique de confidentialit\u00e9. Dans certains cas, nous pouvons demander des informations suppl\u00e9mentaires afin de v\u00e9rifier votre identit\u00e9 avant de traiter votre demande de d\u00e9sinscription.<\/p>\n<p>Veuillez noter que m\u00eame si vous vous d\u00e9sinscrivez des communications, nous pourrons toujours vous contacter lorsque cela est n\u00e9cessaire \u00e0 des fins non promotionnelles, notamment pour g\u00e9rer votre compte, r\u00e9pondre \u00e0 vos demandes de service ou fournir des mises \u00e0 jour importantes concernant l\u2019utilisation de nos services.<\/p>\n<p><!-- --><!-- --><\/p>\n<h2>Utilisation des cookies<\/h2>\n<p>Nous utilisons des \u00ab\u00a0cookies\u00a0\u00bb pour recueillir des informations sur vous et votre activit\u00e9 sur notre site. Un cookie est un petit morceau de donn\u00e9es que notre site web stocke sur votre ordinateur, et acc\u00e8de chaque fois que vous visitez, afin que nous puissions comprendre comment vous utilisez notre site. Cela nous aide \u00e0 vous servir du contenu bas\u00e9 sur les pr\u00e9f\u00e9rences que vous avez sp\u00e9cifi\u00e9es.<\/p>\n<p>Veuillez vous r\u00e9f\u00e9rer \u00e0 notre Politique de cookies pour plus d&rsquo;informations.<\/p>\n<p><!-- --><\/p>\n<h2>Transferts d&rsquo;entreprise<\/h2>\n<p>Si nous ou nos actifs sont acquis, ou dans le cas peu probable o\u00f9 nous ferions faillite ou serions en faillite, nous inclurions les donn\u00e9es, y compris vos informations personnelles, parmi les actifs transf\u00e9r\u00e9s \u00e0 toutes les parties qui nous acqui\u00e8rent. Vous reconnaissez que de tels transferts peuvent avoir lieu, et que toutes les parties qui nous acqui\u00e8rent peuvent, dans la mesure permise par la loi applicable, continuer \u00e0 utiliser vos informations personnelles conform\u00e9ment \u00e0 cette politique, qu&rsquo;ils seront tenus de respecter car elle est la base de tous les droits de propri\u00e9t\u00e9 ou d&rsquo;utilisation que nous avons sur ces informations.<\/p>\n<p><!-- --><\/p>\n<h2>Limites de notre politique<\/h2>\n<p>Notre site web peut contenir des liens vers des sites externes qui ne sont pas exploit\u00e9s par nous. Veuillez \u00eatre conscient que nous n&rsquo;avons aucun contr\u00f4le sur le contenu et les politiques de ces sites, et ne pouvons accepter de responsabilit\u00e9 ou de responsabilit\u00e9 pour leurs pratiques de confidentialit\u00e9 respectives.<\/p>\n<p><!-- --><\/p>\n<h2>Modifications de cette politique<\/h2>\n<p>\u00c0 notre discr\u00e9tion, nous pouvons modifier notre politique de confidentialit\u00e9 pour refl\u00e9ter les mises \u00e0 jour de nos processus d&rsquo;affaires, les pratiques acceptables actuelles, ou les changements l\u00e9gislatifs ou r\u00e9glementaires. Si nous d\u00e9cidons de changer cette politique de confidentialit\u00e9, nous publierons les modifications ici au m\u00eame lien par lequel vous acc\u00e9dez \u00e0 cette politique de confidentialit\u00e9.<\/p>\n<p><!-- --><\/p>\n<p>Si la loi l&rsquo;exige, nous obtiendrons votre permission ou vous donnerons l&rsquo;opportunit\u00e9 de vous inscrire ou de vous d\u00e9sinscrire, selon le cas, \u00e0 toute nouvelle utilisation de vos informations personnelles.<\/p>\n<p><!-- --><\/p>\n<h2>Nous contacter<\/h2>\n<p>Pour toutes questions ou pr\u00e9occupations concernant votre vie priv\u00e9e, vous pouvez nous contacter en utilisant les d\u00e9tails suivants :<\/p>\n<p>a\/s du Responsable de la protection des renseignements personnels<br \/>514 866-6743<\/p>\n<p><!-- -->[\/vc_column_text][\/vc_column][\/vc_row]\n","protected":false},"excerpt":{"rendered":"<p>[vc_row type=\u00a0\u00bbin_container\u00a0\u00bb full_screen_row_position=\u00a0\u00bbmiddle\u00a0\u00bb column_margin=\u00a0\u00bbdefault\u00a0\u00bb column_direction=\u00a0\u00bbdefault\u00a0\u00bb column_direction_tablet=\u00a0\u00bbdefault\u00a0\u00bb column_direction_phone=\u00a0\u00bbdefault\u00a0\u00bb scene_position=\u00a0\u00bbcenter\u00a0\u00bb text_color=\u00a0\u00bbdark\u00a0\u00bb text_align=\u00a0\u00bbleft\u00a0\u00bb row_border_radius=\u00a0\u00bbnone\u00a0\u00bb row_border_radius_applies=\u00a0\u00bbbg\u00a0\u00bb overflow=\u00a0\u00bbvisible\u00a0\u00bb overlay_strength=\u00a0\u00bb0.3&Prime; gradient_direction=\u00a0\u00bbleft_to_right\u00a0\u00bb shape_divider_position=\u00a0\u00bbbottom\u00a0\u00bb bg_image_animation=\u00a0\u00bbnone\u00a0\u00bb][vc_column column_padding=\u00a0\u00bbno-extra-padding\u00a0\u00bb column_padding_tablet=\u00a0\u00bbinherit\u00a0\u00bb column_padding_phone=\u00a0\u00bbinherit\u00a0\u00bb column_padding_position=\u00a0\u00bball\u00a0\u00bb column_element_direction_desktop=\u00a0\u00bbdefault\u00a0\u00bb column_element_spacing=\u00a0\u00bbdefault\u00a0\u00bb desktop_text_alignment=\u00a0\u00bbdefault\u00a0\u00bb tablet_text_alignment=\u00a0\u00bbdefault\u00a0\u00bb phone_text_alignment=\u00a0\u00bbdefault\u00a0\u00bb background_color_opacity=\u00a0\u00bb1&Prime; background_hover_color_opacity=\u00a0\u00bb1&Prime; column_backdrop_filter=\u00a0\u00bbnone\u00a0\u00bb column_shadow=\u00a0\u00bbnone\u00a0\u00bb&#8230;<\/p>\n","protected":false},"author":2,"featured_media":0,"parent":0,"menu_order":0,"comment_status":"closed","ping_status":"closed","template":"","meta":{"_acf_changed":false,"_seopress_robots_primary_cat":"","_seopress_titles_title":"","_seopress_titles_desc":"","_seopress_robots_index":"","_seopress_analysis_target_kw":"","inline_featured_image":false,"footnotes":""},"class_list":["post-653","page","type-page","status-publish"],"acf":[],"_links":{"self":[{"href":"https:\/\/gestolex.com\/en\/wp-json\/wp\/v2\/pages\/653","targetHints":{"allow":["GET"]}}],"collection":[{"href":"https:\/\/gestolex.com\/en\/wp-json\/wp\/v2\/pages"}],"about":[{"href":"https:\/\/gestolex.com\/en\/wp-json\/wp\/v2\/types\/page"}],"author":[{"embeddable":true,"href":"https:\/\/gestolex.com\/en\/wp-json\/wp\/v2\/users\/2"}],"replies":[{"embeddable":true,"href":"https:\/\/gestolex.com\/en\/wp-json\/wp\/v2\/comments?post=653"}],"version-history":[{"count":2,"href":"https:\/\/gestolex.com\/en\/wp-json\/wp\/v2\/pages\/653\/revisions"}],"predecessor-version":[{"id":1024,"href":"https:\/\/gestolex.com\/en\/wp-json\/wp\/v2\/pages\/653\/revisions\/1024"}],"wp:attachment":[{"href":"https:\/\/gestolex.com\/en\/wp-json\/wp\/v2\/media?parent=653"}],"curies":[{"name":"wp","href":"https:\/\/api.w.org\/{rel}","templated":true}]}}